{"id":1202,"date":"2025-08-26T12:26:26","date_gmt":"2025-08-26T12:26:26","guid":{"rendered":"https:\/\/windmessages.com\/?page_id=1202"},"modified":"2025-08-26T12:26:27","modified_gmt":"2025-08-26T12:26:27","slug":"servicevoorwaarden","status":"publish","type":"page","link":"https:\/\/allurin.nl\/nl\/servicevoorwaarden\/","title":{"rendered":"Servicevoorwaarden"},"content":{"rendered":"<p><strong>Overzicht<\/strong><br>Deze website wordt beheerd door <strong>Wind Berichten<\/strong> (\"wij\", \"ons\", \"onze\"). Overal op de site zijn deze voorwaarden (\"Servicevoorwaarden\", \"Voorwaarden\") van toepassing op alle gebruikers, inclusief browsers, verkopers, klanten, verkopers en content contributors, en uw toegang tot de site of gebruik van onze diensten betekent dat u akkoord gaat met deze voorwaarden.<\/p>\n\n\n\n<h3 class=\"wp-block-heading\">Aanvaarding van voorwaarden<\/h3>\n\n\n\n<p>Door onze site te bezoeken en\/of een aankoop te doen, gaat u akkoord met deze voorwaarden. Als je ze niet volledig accepteert, mag je onze site of diensten niet bezoeken of gebruiken. We kunnen in de toekomst nieuwe functies of tools toevoegen, die ook onder deze voorwaarden zullen vallen. We behouden ons het recht voor om elk deel van deze Voorwaarden bij te werken of te wijzigen door wijzigingen op onze website te plaatsen, en uw voortgezette gebruik betekent acceptatie van deze wijzigingen.<\/p>\n\n\n\n<h3 class=\"wp-block-heading\">Artikel 1 - Voorwaarden van de webwinkel<\/h3>\n\n\n\n<p>U bevestigt dat u ten minste meerderjarig bent in uw rechtsgebied of toestemming hebt verkregen van een ouder of voogd om de site te gebruiken. U gaat ermee akkoord onze producten niet te gebruiken voor illegale of ongeoorloofde doeleinden of om destructieve code zoals virussen of wormen te verzenden. Overtredingen kunnen leiden tot onmiddellijke be\u00ebindiging van uw toegang tot de services.<\/p>\n\n\n\n<h3 class=\"wp-block-heading\">Sectie 2 - Algemene voorwaarden<\/h3>\n\n\n\n<p>We kunnen service weigeren aan iedereen, op elk moment, om welke reden dan ook. Inhoud die u indient (met uitzondering van creditcardgegevens) kan zonder codering worden overgedragen en kan worden gewijzigd om te voldoen aan technische vereisten. Creditcardgegevens worden altijd gecodeerd.<\/p>\n\n\n\n<p>U stemt ermee in geen enkel deel van de Service te reproduceren, dupliceren, kopi\u00ebren, door te verkopen of te exploiteren zonder onze uitdrukkelijke schriftelijke toestemming.<\/p>\n\n\n\n<h3 class=\"wp-block-heading\">Sectie 3 - Nauwkeurigheid van informatie<\/h3>\n\n\n\n<p>Wij zijn niet verantwoordelijk voor de nauwkeurigheid, volledigheid of actualiteit van de informatie die op onze site wordt gepubliceerd. Materialen worden verstrekt voor algemene informatie en mogen niet de enige basis vormen voor beslissingen. U bent zelf verantwoordelijk voor het bijhouden van wijzigingen op de site.<\/p>\n\n\n\n<h3 class=\"wp-block-heading\">Artikel 4 - Wijzigingen aan diensten en prijzen<\/h3>\n\n\n\n<p>Prijzen en beschikbaarheid van diensten\/producten kunnen zonder kennisgeving worden gewijzigd. We kunnen delen van de Service op elk moment wijzigen of stopzetten zonder aansprakelijkheid.<\/p>\n\n\n\n<h3 class=\"wp-block-heading\">Sectie 5 - Producten of diensten<\/h3>\n\n\n\n<p>Sommige producten of diensten zijn uitsluitend online verkrijgbaar en hebben mogelijk beperkte hoeveelheden. Retourneren of ruilen is onderhevig aan ons retourbeleid. We streven ernaar om productkleuren en afbeeldingen nauwkeurig weer te geven, maar kunnen de kleurnauwkeurigheid op uw apparaat niet garanderen.<\/p>\n\n\n\n<p>We behouden ons het recht voor om de verkoop te beperken tot bepaalde personen, geografische regio's of rechtsgebieden en om aanbiedingen naar eigen goeddunken te be\u00ebindigen.<\/p>\n\n\n\n<h3 class=\"wp-block-heading\">Artikel 6 - Nauwkeurigheid van facturerings- en accountgegevens<\/h3>\n\n\n\n<p>We behouden ons het recht voor om bestellingen naar eigen goeddunken te weigeren of te annuleren, inclusief een limiet per persoon, huishouden of account. Als je bestelling wordt gewijzigd of geannuleerd, proberen we je hiervan op de hoogte te stellen via de contactgegevens die je hebt opgegeven.<\/p>\n\n\n\n<p>U stemt ermee in nauwkeurige accountgegevens te verstrekken en deze indien nodig onmiddellijk bij te werken.<\/p>\n\n\n\n<h3 class=\"wp-block-heading\">Hoofdstuk 7 - Optionele gereedschappen<\/h3>\n\n\n\n<p>We kunnen toegang bieden tot tools van derden die we niet controleren of onderschrijven. Deze worden aangeboden \"zoals ze zijn\" en je gebruikt ze op eigen risico.<\/p>\n\n\n\n<h3 class=\"wp-block-heading\">Hoofdstuk 8 - Koppelingen naar derden<\/h3>\n\n\n\n<p>We kunnen koppelingen naar sites van derden opnemen. Wij zijn niet verantwoordelijk voor hun inhoud of praktijken en raden u aan hun beleid te lezen voordat u gebruik maakt van hun diensten.<\/p>\n\n\n\n<h3 class=\"wp-block-heading\">Sectie 9 - Commentaar, feedback, inzendingen van gebruikers<\/h3>\n\n\n\n<p>We kunnen ongevraagde opmerkingen die u indient (bijv. idee\u00ebn, suggesties) gebruiken zonder compensatie of verplichting. We kunnen inhoud naar eigen goeddunken bewerken of verwijderen. U bent ervoor verantwoordelijk dat uw inzendingen geen wetten overtreden of inbreuk maken op de rechten van derden.<\/p>\n\n\n\n<h3 class=\"wp-block-heading\">Sectie 10 - Persoonlijke informatie<\/h3>\n\n\n\n<p>Alle persoonlijke informatie die wordt verstrekt, valt onder ons Privacybeleid.<\/p>\n\n\n\n<h3 class=\"wp-block-heading\">Sectie 11 - Fouten, onnauwkeurigheden, weglatingen<\/h3>\n\n\n\n<p>We kunnen fouten of onnauwkeurigheden in productbeschrijvingen, prijzen, promoties of beschikbaarheid corrigeren. We behouden ons het recht voor om bestellingen te annuleren als er fouten optreden, zelfs nadat ze zijn ingediend.<\/p>\n\n\n\n<h3 class=\"wp-block-heading\">Sectie 12 - Verboden gebruik<\/h3>\n\n\n\n<p>U mag de site niet gebruiken om:<\/p>\n\n\n\n<ul class=\"wp-block-list\">\n<li>Deelnemen aan onwettige activiteiten<\/li>\n\n\n\n<li>Intellectueel eigendom of gegevensrechten schenden<\/li>\n\n\n\n<li>Malware of spam uploaden<\/li>\n\n\n\n<li>Anderen lastigvallen of belasteren<\/li>\n\n\n\n<li>Persoonlijke informatie van anderen verzamelen<\/li>\n\n\n\n<li>Beveiligingsfuncties omzeilen<\/li>\n<\/ul>\n\n\n\n<p>Overtreding kan leiden tot be\u00ebindiging van de toegang.<\/p>\n\n\n\n<h3 class=\"wp-block-heading\">Artikel 13 - Afwijzing van garanties; beperking van aansprakelijkheid<\/h3>\n\n\n\n<p>Het gebruik van de site en diensten is op uw risico en wordt geleverd \"zoals het is\" en \"zoals beschikbaar\". We garanderen geen ononderbroken of foutloos gebruik. Onze aansprakelijkheid is beperkt tot de maximale wettelijk toegestane omvang en we wijzen schadevergoeding af voor zover toegestaan.<\/p>\n\n\n\n<h3 class=\"wp-block-heading\">Artikel 14 - Vrijwaring<\/h3>\n\n\n\n<p>U stemt ermee in Windberichten en gelieerde partijen te vrijwaren, verdedigen en schadeloos te stellen van claims of verliezen die voortvloeien uit uw schending van deze Voorwaarden of schending van rechten of wetten.<\/p>\n\n\n\n<h3 class=\"wp-block-heading\">Artikel 15 - Scheidbaarheid<\/h3>\n\n\n\n<p>Als een bepaling ongeldig of niet-afdwingbaar wordt bevonden, zal deze worden verwijderd zonder de rest van de Voorwaarden te be\u00efnvloeden.<\/p>\n\n\n\n<h3 class=\"wp-block-heading\">Sectie 16 - Be\u00ebindiging<\/h3>\n\n\n\n<p>Deze voorwaarden blijven van kracht totdat ze door u of door ons worden be\u00ebindigd. Wij kunnen uw toegang op elk moment be\u00ebindigen wegens overtredingen en u blijft aansprakelijk voor alle kosten die v\u00f3\u00f3r de be\u00ebindiging zijn opgebouwd.<\/p>\n\n\n\n<h3 class=\"wp-block-heading\">Artikel 17 - Gehele overeenkomst<\/h3>\n\n\n\n<p>Deze Voorwaarden en eventuele beleidsregels op onze site vormen de volledige overeenkomst tussen u en ons met betrekking tot de Services. Ze vervangen eerdere overeenkomsten en dubbelzinnigheden worden niet uitgelegd in het nadeel van de opstellende partij.<\/p>\n\n\n\n<h3 class=\"wp-block-heading\">Sectie 18 - Toepasselijk recht<\/h3>\n\n\n\n<p>Op deze Voorwaarden is de wetgeving van de Verenigde Staten van toepassing.<\/p>\n\n\n\n<h3 class=\"wp-block-heading\">Artikel 19 - Wijzigingen aan de Servicevoorwaarden<\/h3>\n\n\n\n<p>We kunnen deze Voorwaarden te allen tijde bijwerken door wijzigingen op onze website te plaatsen. Het is uw verantwoordelijkheid om regelmatig de meest recente versie te bekijken. Voortdurend gebruik betekent acceptatie van updates.<\/p>\n\n\n\n<h3 class=\"wp-block-heading\">Sectie 20 - Contactgegevens<\/h3>\n\n\n\n<p>Voor vragen of opmerkingen over deze Voorwaarden kunt u <strong>contact met ons opnemen<\/strong> op: <a href=\"https:\/\/allurin.nl\/contact-us\/\">https:\/\/allurin.nl\/contact-us\/<\/a>.<\/p>","protected":false},"excerpt":{"rendered":"<p>OverviewThis website is operated by Wind Messages (&#8220;we&#8221;, &#8220;us&#8221;, &#8220;our&#8221;). Throughout the site, these terms (\u201cTerms of Service\u201d, \u201cTerms\u201d) apply to all users\u2014including browsers, vendors, customers, merchants, and content contributors\u2014and your access to the site or use of our services constitutes your agreement to be bound by these terms. Acceptance of Terms By visiting our [&hellip;]<\/p>\n","protected":false},"author":1,"featured_media":0,"parent":0,"menu_order":0,"comment_status":"closed","ping_status":"closed","template":"","meta":{"_acf_changed":false,"footnotes":""},"class_list":["post-1202","page","type-page","status-publish","hentry"],"acf":[],"_links":{"self":[{"href":"https:\/\/allurin.nl\/nl\/wp-json\/wp\/v2\/pages\/1202","targetHints":{"allow":["GET"]}}],"collection":[{"href":"https:\/\/allurin.nl\/nl\/wp-json\/wp\/v2\/pages"}],"about":[{"href":"https:\/\/allurin.nl\/nl\/wp-json\/wp\/v2\/types\/page"}],"author":[{"embeddable":true,"href":"https:\/\/allurin.nl\/nl\/wp-json\/wp\/v2\/users\/1"}],"replies":[{"embeddable":true,"href":"https:\/\/allurin.nl\/nl\/wp-json\/wp\/v2\/comments?post=1202"}],"version-history":[{"count":0,"href":"https:\/\/allurin.nl\/nl\/wp-json\/wp\/v2\/pages\/1202\/revisions"}],"wp:attachment":[{"href":"https:\/\/allurin.nl\/nl\/wp-json\/wp\/v2\/media?parent=1202"}],"curies":[{"name":"wp","href":"https:\/\/api.w.org\/{rel}","templated":true}]}}